{"id":1089,"date":"2022-06-01T13:42:37","date_gmt":"2022-06-01T11:42:37","guid":{"rendered":"https:\/\/medienvielfalt.net\/?page_id=1089"},"modified":"2024-07-24T15:24:00","modified_gmt":"2024-07-24T13:24:00","slug":"wanderung","status":"publish","type":"page","link":"https:\/\/medienvielfalt.net\/index.php\/ausstellung\/wanderung\/","title":{"rendered":"WANDERUNG"},"content":{"rendered":"\n<figure class=\"wp-block-image size-large\"><img loading=\"lazy\" decoding=\"async\" width=\"1024\" height=\"683\" src=\"https:\/\/medienvielfalt.net\/wp-content\/uploads\/2022\/06\/DSC07187_web-1024x683.jpg\" alt=\"\" class=\"wp-image-1425\" srcset=\"https:\/\/medienvielfalt.net\/wp-content\/uploads\/2022\/06\/DSC07187_web-1024x683.jpg 1024w, https:\/\/medienvielfalt.net\/wp-content\/uploads\/2022\/06\/DSC07187_web-300x200.jpg 300w, https:\/\/medienvielfalt.net\/wp-content\/uploads\/2022\/06\/DSC07187_web-768x512.jpg 768w, https:\/\/medienvielfalt.net\/wp-content\/uploads\/2022\/06\/DSC07187_web-930x620.jpg 930w, https:\/\/medienvielfalt.net\/wp-content\/uploads\/2022\/06\/DSC07187_web.jpg 1234w\" sizes=\"auto, (max-width: 1024px) 100vw, 1024px\" \/><\/figure>\n\n\n\n<h3 class=\"wp-block-heading has-text-align-center\">DEUTSCH<\/h3>\n\n\n\n<p>Im September 2024 <strong><a href=\"https:\/\/medienvielfalt.net\/index.php\/ausstellung\/wanderung\/nothing-about-us-without-us-in-tuebingen\/\">kommt die Ausstellung nach T\u00fcbingen!<\/a><\/strong> Mehr dazu <strong><a href=\"https:\/\/medienvielfalt.net\/index.php\/ausstellung\/wanderung\/nothing-about-us-without-us-in-tuebingen\/\">hier.<\/a><\/strong><\/p>\n\n\n\n<p>Die erstmalige Er\u00f6ffnung der Ausstellung fand im Rahmen der <a rel=\"noreferrer noopener\" href=\"https:\/\/lager-watch.org\/\" target=\"_blank\">No Lager -Break Isolation Konferenz statt am 10. Juni 2022<\/a> in G\u00f6ttingen statt. Zwischenzeitlich war die Ausstellung in Dresden, Leipzig, N\u00fcrnberg, Hamm und Witzenhausen zu Gast.<\/p>\n\n\n\n<p>Die Ausstellung kann von interessierten Gruppen, Vereinen, Radios etc ausgeliehen werden.<\/p>\n\n\n\n<p>Im Fr\u00fchjahr 2024 war die Ausstellung <a href=\"https:\/\/medienvielfalt.net\/index.php\/2024\/02\/wanderausstellung-ab-23-februar-in-freudenstadt\/\" data-type=\"post\" data-id=\"1692\"><strong>in Freudenstadt zu sehen<\/strong><\/a> &#8211; mit viel tollem Begleitprogramm! Dazu eine herzliche Einladung.<\/p>\n\n\n\n<div style=\"height:50px\" aria-hidden=\"true\" class=\"wp-block-spacer\"><\/div>\n\n\n\n<p><\/p>\n","protected":false},"excerpt":{"rendered":"<p>DEUTSCH Im September 2024 kommt die Ausstellung nach T\u00fcbingen! Mehr dazu hier. Die erstmalige Er\u00f6ffnung der Ausstellung fand im Rahmen der No Lager -Break Isolation Konferenz statt am 10. Juni 2022 in G\u00f6ttingen statt. Zwischenzeitlich war die Ausstellung in Dresden, Leipzig, N\u00fcrnberg, Hamm und Witzenhausen zu Gast. Die Ausstellung kann von interessierten Gruppen, Vereinen, Radios&hellip;&nbsp;<a href=\"https:\/\/medienvielfalt.net\/index.php\/ausstellung\/wanderung\/\" rel=\"bookmark\">Weiterlesen &raquo;<span class=\"screen-reader-text\">WANDERUNG<\/span><\/a><\/p>\n","protected":false},"author":6,"featured_media":0,"parent":1035,"menu_order":1,"comment_status":"closed","ping_status":"closed","template":"","meta":{"_cbd_carousel_blocks":"[]","neve_meta_sidebar":"full-width","neve_meta_container":"","neve_meta_enable_content_width":"on","neve_meta_content_width":100,"neve_meta_title_alignment":"","neve_meta_author_avatar":"","neve_post_elements_order":"","neve_meta_disable_header":"","neve_meta_disable_footer":"","neve_meta_disable_title":"","_themeisle_gutenberg_block_has_review":false,"footnotes":""},"class_list":["post-1089","page","type-page","status-publish","hentry"],"_links":{"self":[{"href":"https:\/\/medienvielfalt.net\/index.php\/wp-json\/wp\/v2\/pages\/1089","targetHints":{"allow":["GET"]}}],"collection":[{"href":"https:\/\/medienvielfalt.net\/index.php\/wp-json\/wp\/v2\/pages"}],"about":[{"href":"https:\/\/medienvielfalt.net\/index.php\/wp-json\/wp\/v2\/types\/page"}],"author":[{"embeddable":true,"href":"https:\/\/medienvielfalt.net\/index.php\/wp-json\/wp\/v2\/users\/6"}],"replies":[{"embeddable":true,"href":"https:\/\/medienvielfalt.net\/index.php\/wp-json\/wp\/v2\/comments?post=1089"}],"version-history":[{"count":14,"href":"https:\/\/medienvielfalt.net\/index.php\/wp-json\/wp\/v2\/pages\/1089\/revisions"}],"predecessor-version":[{"id":1717,"href":"https:\/\/medienvielfalt.net\/index.php\/wp-json\/wp\/v2\/pages\/1089\/revisions\/1717"}],"up":[{"embeddable":true,"href":"https:\/\/medienvielfalt.net\/index.php\/wp-json\/wp\/v2\/pages\/1035"}],"wp:attachment":[{"href":"https:\/\/medienvielfalt.net\/index.php\/wp-json\/wp\/v2\/media?parent=1089"}],"curies":[{"name":"wp","href":"https:\/\/api.w.org\/{rel}","templated":true}]}}