{"id":1392,"date":"2022-06-28T12:55:47","date_gmt":"2022-06-28T10:55:47","guid":{"rendered":"https:\/\/medienvielfalt.net\/?page_id=1392"},"modified":"2022-07-12T12:58:32","modified_gmt":"2022-07-12T10:58:32","slug":"ueber-die-ausstellung","status":"publish","type":"page","link":"https:\/\/medienvielfalt.net\/index.php\/ausstellung\/ueber-die-ausstellung\/","title":{"rendered":"\u00dcBER \/ ABOUT"},"content":{"rendered":"\n<h3 class=\"has-text-align-center wp-block-heading\">DEUTSCH<\/h3>\n\n\n\n<h4 class=\"has-text-align-center wp-block-heading\">\u2193&nbsp;<a href=\"https:\/\/medienvielfalt.net\/index.php\/ausstellung\/ueber-die-ausstellung\/#english\">English below<\/a><\/h4>\n\n\n\n<div class=\"wp-block-image\"><figure class=\"aligncenter size-large\"><img loading=\"lazy\" decoding=\"async\" width=\"1024\" height=\"683\" src=\"https:\/\/medienvielfalt.net\/wp-content\/uploads\/2022\/06\/DSC07133_web-1024x683.jpg\" alt=\"\" class=\"wp-image-1405\" srcset=\"https:\/\/medienvielfalt.net\/wp-content\/uploads\/2022\/06\/DSC07133_web-1024x683.jpg 1024w, https:\/\/medienvielfalt.net\/wp-content\/uploads\/2022\/06\/DSC07133_web-300x200.jpg 300w, https:\/\/medienvielfalt.net\/wp-content\/uploads\/2022\/06\/DSC07133_web-768x512.jpg 768w, https:\/\/medienvielfalt.net\/wp-content\/uploads\/2022\/06\/DSC07133_web-930x620.jpg 930w, https:\/\/medienvielfalt.net\/wp-content\/uploads\/2022\/06\/DSC07133_web.jpg 1234w\" sizes=\"auto, (max-width: 1024px) 100vw, 1024px\" \/><\/figure><\/div>\n\n\n\n<p><strong>\u00dcber die Ausstellung<\/strong><\/p>\n\n\n\n<p>\u201eWir sind Medienmacher:innen mit Flucht-oder Migrationserfahrung. Wir erleben Rassismus und Diskriminierung. \u00dcber uns wird viel gesprochen, aber fast nie mit uns.\u201c Mit dem netzwerk medien.vielfalt! gibt es seit 2020 ein bundesweites Radio-und Medienprojekt, das nicht nur bestehende Leerstellen in der deutschen Medienlandschaft kritisch in den Blick nimmt, sondern diese aktiv selbst f\u00fcllt.<\/p>\n\n\n\n<p>Mit der Ausstellung geben Medienmacher:innen und Radioredaktionen des Netzwerks Einblicke in ihre Arbeit im Freien Radio, aber auch als Podcaster:innen oder als Social Media Aktivist:innen. Die Ausstellung geht zu dem der Frage nach, wie Berichterstattung, journalistische (Nicht-)Vielfalt und mediale Repr\u00e4sentation zusammenh\u00e4ngen und welche Ideen und Bedarfe es ganz praktisch gibt um an den bestehenden Verh\u00e4ltnissen etwas zu \u00e4ndern. Und die Ausstellung gew\u00e4hrt nat\u00fcrlich Einblicke in das netzwerk medien.vialfalt! und in die gemeinsamen Aktivit\u00e4ten und Erfahrungen als bundesweiter Zusammenschluss von Radio- und Medienschaffenden.<\/p>\n\n\n\n<p>Die Ausstellung ist multimedial und interaktiv. Neben Grafiken, Illustrationen, Fotos und Texten finden sich in der Ausstellung auch mehrere Video- und H\u00f6rstationen. In einem mobilen Radiostudio k\u00f6nnen die Besucher:innen selbst am Mikro aktiv werden und eigenen Aufnahmen machen.<\/p>\n\n\n\n<p>Die Ausstellung richtet sich sowohl an Menschen mit als auch ohne Flucht- und Migrationserfahrungen. Die Ausstellungstafeln sind auf Deutsch. Alle Texte und Informationen k\u00f6nnen in vier weiteren Sprachen in einem jeweiligen Begleitheft nachgelesen werden. Die Ausstellung ist insgesamt auf Deutsch, Englisch, Franz\u00f6sisch, Arabisch und Persisch.<\/p>\n\n\n\n<p><\/p>\n\n\n\n<p><\/p>\n\n\n\n<hr class=\"wp-block-separator\"\/>\n\n\n\n<h3 class=\"has-text-align-center wp-block-heading\" id=\"english\">ENGLISH<\/h3>\n\n\n\n<div class=\"wp-block-image\"><figure class=\"aligncenter size-large is-resized\"><img loading=\"lazy\" decoding=\"async\" src=\"https:\/\/medienvielfalt.net\/wp-content\/uploads\/2022\/06\/DSC07198_web-1024x683.jpg\" alt=\"\" class=\"wp-image-1408\" width=\"1169\" height=\"780\" srcset=\"https:\/\/medienvielfalt.net\/wp-content\/uploads\/2022\/06\/DSC07198_web-1024x683.jpg 1024w, https:\/\/medienvielfalt.net\/wp-content\/uploads\/2022\/06\/DSC07198_web-300x200.jpg 300w, https:\/\/medienvielfalt.net\/wp-content\/uploads\/2022\/06\/DSC07198_web-768x512.jpg 768w, https:\/\/medienvielfalt.net\/wp-content\/uploads\/2022\/06\/DSC07198_web-930x620.jpg 930w, https:\/\/medienvielfalt.net\/wp-content\/uploads\/2022\/06\/DSC07198_web.jpg 1234w\" sizes=\"auto, (max-width: 1169px) 100vw, 1169px\" \/><\/figure><\/div>\n\n\n\n<p><strong>About the exhibition<\/strong><\/p>\n\n\n\n<p>\u201eWe are media makers with experience of flight or migration. We experience racism and discrimination. There is a lot of talk about us, but almost never with us.\u201c Since 2020, the netzwerk medien.vielfalt! has been a nationwide radio and media project that not only takes a critical look at existing voids in the German media landscape, but also actively fills them itself.<\/p>\n\n\n\n<p>With the exhibition, media makers and radio editors of the network give insights into their work in free radio, but also as podcasters or social media activists. The exhibition also explores the question of how reporting, journalistic (non-)diversity and media representation are connected and what ideas and needs there are to change something about the existing conditions. And of course the exhibition provides insights into the network medien.vialfalt! and its joint activities and experiences as a nationwide association of radio and media professionals.<\/p>\n\n\n\n<p>The exhibition is multimedia and interactive. In addition to graphics, illustrations, photos and texts, the exhibition also features several video and audio stations. In a mobile radio studio, visitors can get active at the microphone and make their own recordings.<\/p>\n\n\n\n<p>The exhibition is aimed at both people with and without experience of flight and migration. The exhibition panels are in German. All texts and information can be read in four other languages in an accompanying booklet. The exhibition is altogether in German, English, French, Arabic and Persian.<\/p>\n\n\n\n<figure class=\"wp-block-gallery has-nested-images columns-default is-cropped wp-block-gallery-1 is-layout-flex wp-block-gallery-is-layout-flex\">\n<figure class=\"wp-block-image size-large\"><a href=\"https:\/\/medienvielfalt.net\/wp-content\/uploads\/2022\/06\/DSC07133_web.jpg\"><img loading=\"lazy\" decoding=\"async\" width=\"1024\" height=\"683\" data-id=\"1405\" src=\"https:\/\/medienvielfalt.net\/wp-content\/uploads\/2022\/06\/DSC07133_web-1024x683.jpg\" alt=\"\" class=\"wp-image-1405\" srcset=\"https:\/\/medienvielfalt.net\/wp-content\/uploads\/2022\/06\/DSC07133_web-1024x683.jpg 1024w, https:\/\/medienvielfalt.net\/wp-content\/uploads\/2022\/06\/DSC07133_web-300x200.jpg 300w, https:\/\/medienvielfalt.net\/wp-content\/uploads\/2022\/06\/DSC07133_web-768x512.jpg 768w, https:\/\/medienvielfalt.net\/wp-content\/uploads\/2022\/06\/DSC07133_web-930x620.jpg 930w, https:\/\/medienvielfalt.net\/wp-content\/uploads\/2022\/06\/DSC07133_web.jpg 1234w\" sizes=\"auto, (max-width: 1024px) 100vw, 1024px\" \/><\/a><\/figure>\n\n\n\n<figure class=\"wp-block-image size-large\"><a href=\"https:\/\/medienvielfalt.net\/wp-content\/uploads\/2022\/06\/DSC07152_web.jpg\"><img loading=\"lazy\" decoding=\"async\" width=\"1024\" height=\"683\" data-id=\"1404\" src=\"https:\/\/medienvielfalt.net\/wp-content\/uploads\/2022\/06\/DSC07152_web-1024x683.jpg\" alt=\"\" class=\"wp-image-1404\" srcset=\"https:\/\/medienvielfalt.net\/wp-content\/uploads\/2022\/06\/DSC07152_web-1024x683.jpg 1024w, https:\/\/medienvielfalt.net\/wp-content\/uploads\/2022\/06\/DSC07152_web-300x200.jpg 300w, https:\/\/medienvielfalt.net\/wp-content\/uploads\/2022\/06\/DSC07152_web-768x512.jpg 768w, https:\/\/medienvielfalt.net\/wp-content\/uploads\/2022\/06\/DSC07152_web-930x620.jpg 930w, https:\/\/medienvielfalt.net\/wp-content\/uploads\/2022\/06\/DSC07152_web.jpg 1234w\" sizes=\"auto, (max-width: 1024px) 100vw, 1024px\" \/><\/a><\/figure>\n\n\n\n<figure class=\"wp-block-image size-large\"><a href=\"https:\/\/medienvielfalt.net\/wp-content\/uploads\/2022\/06\/DSC07111_web.jpg\"><img loading=\"lazy\" decoding=\"async\" width=\"1234\" height=\"823\" data-id=\"1390\" src=\"https:\/\/medienvielfalt.net\/wp-content\/uploads\/2022\/06\/DSC07111_web.jpg\" alt=\"\" class=\"wp-image-1390\" srcset=\"https:\/\/medienvielfalt.net\/wp-content\/uploads\/2022\/06\/DSC07111_web.jpg 1234w, https:\/\/medienvielfalt.net\/wp-content\/uploads\/2022\/06\/DSC07111_web-300x200.jpg 300w, https:\/\/medienvielfalt.net\/wp-content\/uploads\/2022\/06\/DSC07111_web-1024x683.jpg 1024w, https:\/\/medienvielfalt.net\/wp-content\/uploads\/2022\/06\/DSC07111_web-768x512.jpg 768w, https:\/\/medienvielfalt.net\/wp-content\/uploads\/2022\/06\/DSC07111_web-930x620.jpg 930w\" sizes=\"auto, (max-width: 1234px) 100vw, 1234px\" \/><\/a><\/figure>\n\n\n\n<figure class=\"wp-block-image size-large\"><a href=\"https:\/\/medienvielfalt.net\/wp-content\/uploads\/2022\/06\/DSC07147_web.jpg\"><img loading=\"lazy\" decoding=\"async\" width=\"1024\" height=\"683\" data-id=\"1409\" src=\"https:\/\/medienvielfalt.net\/wp-content\/uploads\/2022\/06\/DSC07147_web-1024x683.jpg\" alt=\"\" class=\"wp-image-1409\" srcset=\"https:\/\/medienvielfalt.net\/wp-content\/uploads\/2022\/06\/DSC07147_web-1024x683.jpg 1024w, https:\/\/medienvielfalt.net\/wp-content\/uploads\/2022\/06\/DSC07147_web-300x200.jpg 300w, https:\/\/medienvielfalt.net\/wp-content\/uploads\/2022\/06\/DSC07147_web-768x512.jpg 768w, https:\/\/medienvielfalt.net\/wp-content\/uploads\/2022\/06\/DSC07147_web-930x620.jpg 930w, https:\/\/medienvielfalt.net\/wp-content\/uploads\/2022\/06\/DSC07147_web.jpg 1234w\" sizes=\"auto, (max-width: 1024px) 100vw, 1024px\" \/><\/a><\/figure>\n\n\n\n<figure class=\"wp-block-image size-large\"><a href=\"https:\/\/medienvielfalt.net\/wp-content\/uploads\/2022\/06\/DSC07135_web.jpg\"><img loading=\"lazy\" decoding=\"async\" width=\"1024\" height=\"683\" data-id=\"1410\" src=\"https:\/\/medienvielfalt.net\/wp-content\/uploads\/2022\/06\/DSC07135_web-1024x683.jpg\" alt=\"\" class=\"wp-image-1410\" srcset=\"https:\/\/medienvielfalt.net\/wp-content\/uploads\/2022\/06\/DSC07135_web-1024x683.jpg 1024w, https:\/\/medienvielfalt.net\/wp-content\/uploads\/2022\/06\/DSC07135_web-300x200.jpg 300w, https:\/\/medienvielfalt.net\/wp-content\/uploads\/2022\/06\/DSC07135_web-768x512.jpg 768w, https:\/\/medienvielfalt.net\/wp-content\/uploads\/2022\/06\/DSC07135_web-930x620.jpg 930w, https:\/\/medienvielfalt.net\/wp-content\/uploads\/2022\/06\/DSC07135_web.jpg 1234w\" sizes=\"auto, (max-width: 1024px) 100vw, 1024px\" \/><\/a><\/figure>\n\n\n\n<figure class=\"wp-block-image size-large\"><a href=\"https:\/\/medienvielfalt.net\/wp-content\/uploads\/2022\/06\/DSC07189_web.jpg\"><img loading=\"lazy\" decoding=\"async\" width=\"1024\" height=\"683\" data-id=\"1407\" src=\"https:\/\/medienvielfalt.net\/wp-content\/uploads\/2022\/06\/DSC07189_web-1024x683.jpg\" alt=\"\" class=\"wp-image-1407\" srcset=\"https:\/\/medienvielfalt.net\/wp-content\/uploads\/2022\/06\/DSC07189_web-1024x683.jpg 1024w, https:\/\/medienvielfalt.net\/wp-content\/uploads\/2022\/06\/DSC07189_web-300x200.jpg 300w, https:\/\/medienvielfalt.net\/wp-content\/uploads\/2022\/06\/DSC07189_web-768x512.jpg 768w, https:\/\/medienvielfalt.net\/wp-content\/uploads\/2022\/06\/DSC07189_web-930x620.jpg 930w, https:\/\/medienvielfalt.net\/wp-content\/uploads\/2022\/06\/DSC07189_web.jpg 1234w\" sizes=\"auto, (max-width: 1024px) 100vw, 1024px\" \/><\/a><\/figure>\n\n\n\n<figure class=\"wp-block-image size-large\"><a href=\"https:\/\/medienvielfalt.net\/wp-content\/uploads\/2022\/06\/DSC07154_web.jpg\"><img loading=\"lazy\" decoding=\"async\" width=\"1024\" height=\"683\" data-id=\"1411\" src=\"https:\/\/medienvielfalt.net\/wp-content\/uploads\/2022\/06\/DSC07154_web-1024x683.jpg\" alt=\"\" class=\"wp-image-1411\" srcset=\"https:\/\/medienvielfalt.net\/wp-content\/uploads\/2022\/06\/DSC07154_web-1024x683.jpg 1024w, https:\/\/medienvielfalt.net\/wp-content\/uploads\/2022\/06\/DSC07154_web-300x200.jpg 300w, https:\/\/medienvielfalt.net\/wp-content\/uploads\/2022\/06\/DSC07154_web-768x512.jpg 768w, https:\/\/medienvielfalt.net\/wp-content\/uploads\/2022\/06\/DSC07154_web-930x620.jpg 930w, https:\/\/medienvielfalt.net\/wp-content\/uploads\/2022\/06\/DSC07154_web.jpg 1234w\" sizes=\"auto, (max-width: 1024px) 100vw, 1024px\" \/><\/a><\/figure>\n\n\n\n<figure class=\"wp-block-image size-large\"><a href=\"https:\/\/medienvielfalt.net\/wp-content\/uploads\/2022\/06\/DSC07198_web.jpg\"><img loading=\"lazy\" decoding=\"async\" width=\"1024\" height=\"683\" data-id=\"1408\" src=\"https:\/\/medienvielfalt.net\/wp-content\/uploads\/2022\/06\/DSC07198_web-1024x683.jpg\" alt=\"\" class=\"wp-image-1408\" srcset=\"https:\/\/medienvielfalt.net\/wp-content\/uploads\/2022\/06\/DSC07198_web-1024x683.jpg 1024w, https:\/\/medienvielfalt.net\/wp-content\/uploads\/2022\/06\/DSC07198_web-300x200.jpg 300w, https:\/\/medienvielfalt.net\/wp-content\/uploads\/2022\/06\/DSC07198_web-768x512.jpg 768w, https:\/\/medienvielfalt.net\/wp-content\/uploads\/2022\/06\/DSC07198_web-930x620.jpg 930w, https:\/\/medienvielfalt.net\/wp-content\/uploads\/2022\/06\/DSC07198_web.jpg 1234w\" sizes=\"auto, (max-width: 1024px) 100vw, 1024px\" \/><\/a><\/figure>\n\n\n\n<figure class=\"wp-block-image size-large\"><a href=\"https:\/\/medienvielfalt.net\/wp-content\/uploads\/2022\/06\/DSC07164_web.jpg\"><img loading=\"lazy\" decoding=\"async\" width=\"1234\" height=\"823\" data-id=\"1431\" src=\"https:\/\/medienvielfalt.net\/wp-content\/uploads\/2022\/06\/DSC07164_web.jpg\" alt=\"\" class=\"wp-image-1431\" srcset=\"https:\/\/medienvielfalt.net\/wp-content\/uploads\/2022\/06\/DSC07164_web.jpg 1234w, https:\/\/medienvielfalt.net\/wp-content\/uploads\/2022\/06\/DSC07164_web-300x200.jpg 300w, https:\/\/medienvielfalt.net\/wp-content\/uploads\/2022\/06\/DSC07164_web-1024x683.jpg 1024w, https:\/\/medienvielfalt.net\/wp-content\/uploads\/2022\/06\/DSC07164_web-768x512.jpg 768w, https:\/\/medienvielfalt.net\/wp-content\/uploads\/2022\/06\/DSC07164_web-930x620.jpg 930w\" sizes=\"auto, (max-width: 1234px) 100vw, 1234px\" \/><\/a><\/figure>\n\n\n\n<figure class=\"wp-block-image size-large\"><a href=\"https:\/\/medienvielfalt.net\/wp-content\/uploads\/2022\/06\/DSC07098_web.jpg\"><img loading=\"lazy\" decoding=\"async\" width=\"1234\" height=\"823\" data-id=\"1426\" src=\"https:\/\/medienvielfalt.net\/wp-content\/uploads\/2022\/06\/DSC07098_web.jpg\" alt=\"\" class=\"wp-image-1426\" srcset=\"https:\/\/medienvielfalt.net\/wp-content\/uploads\/2022\/06\/DSC07098_web.jpg 1234w, https:\/\/medienvielfalt.net\/wp-content\/uploads\/2022\/06\/DSC07098_web-300x200.jpg 300w, https:\/\/medienvielfalt.net\/wp-content\/uploads\/2022\/06\/DSC07098_web-1024x683.jpg 1024w, https:\/\/medienvielfalt.net\/wp-content\/uploads\/2022\/06\/DSC07098_web-768x512.jpg 768w, https:\/\/medienvielfalt.net\/wp-content\/uploads\/2022\/06\/DSC07098_web-930x620.jpg 930w\" sizes=\"auto, (max-width: 1234px) 100vw, 1234px\" \/><\/a><\/figure>\n\n\n\n<figure class=\"wp-block-image size-large\"><a href=\"https:\/\/medienvielfalt.net\/wp-content\/uploads\/2022\/06\/DSC07121_web.jpg\"><img loading=\"lazy\" decoding=\"async\" width=\"1024\" height=\"683\" data-id=\"1412\" src=\"https:\/\/medienvielfalt.net\/wp-content\/uploads\/2022\/06\/DSC07121_web-1024x683.jpg\" alt=\"\" class=\"wp-image-1412\" srcset=\"https:\/\/medienvielfalt.net\/wp-content\/uploads\/2022\/06\/DSC07121_web-1024x683.jpg 1024w, https:\/\/medienvielfalt.net\/wp-content\/uploads\/2022\/06\/DSC07121_web-300x200.jpg 300w, https:\/\/medienvielfalt.net\/wp-content\/uploads\/2022\/06\/DSC07121_web-768x512.jpg 768w, https:\/\/medienvielfalt.net\/wp-content\/uploads\/2022\/06\/DSC07121_web-930x620.jpg 930w, https:\/\/medienvielfalt.net\/wp-content\/uploads\/2022\/06\/DSC07121_web.jpg 1234w\" sizes=\"auto, (max-width: 1024px) 100vw, 1024px\" \/><\/a><\/figure>\n\n\n\n<figure class=\"wp-block-image size-large\"><a href=\"https:\/\/medienvielfalt.net\/wp-content\/uploads\/2022\/06\/DSC07169_web.jpg\"><img loading=\"lazy\" decoding=\"async\" width=\"1234\" height=\"823\" data-id=\"1416\" src=\"https:\/\/medienvielfalt.net\/wp-content\/uploads\/2022\/06\/DSC07169_web.jpg\" alt=\"\" class=\"wp-image-1416\" srcset=\"https:\/\/medienvielfalt.net\/wp-content\/uploads\/2022\/06\/DSC07169_web.jpg 1234w, https:\/\/medienvielfalt.net\/wp-content\/uploads\/2022\/06\/DSC07169_web-300x200.jpg 300w, https:\/\/medienvielfalt.net\/wp-content\/uploads\/2022\/06\/DSC07169_web-1024x683.jpg 1024w, https:\/\/medienvielfalt.net\/wp-content\/uploads\/2022\/06\/DSC07169_web-768x512.jpg 768w, https:\/\/medienvielfalt.net\/wp-content\/uploads\/2022\/06\/DSC07169_web-930x620.jpg 930w\" sizes=\"auto, (max-width: 1234px) 100vw, 1234px\" \/><\/a><\/figure>\n\n\n\n<figure class=\"wp-block-image size-large\"><a href=\"https:\/\/medienvielfalt.net\/wp-content\/uploads\/2022\/06\/DSC07217_web.jpg\"><img loading=\"lazy\" decoding=\"async\" width=\"1234\" height=\"823\" data-id=\"1429\" src=\"https:\/\/medienvielfalt.net\/wp-content\/uploads\/2022\/06\/DSC07217_web.jpg\" alt=\"\" class=\"wp-image-1429\" srcset=\"https:\/\/medienvielfalt.net\/wp-content\/uploads\/2022\/06\/DSC07217_web.jpg 1234w, https:\/\/medienvielfalt.net\/wp-content\/uploads\/2022\/06\/DSC07217_web-300x200.jpg 300w, https:\/\/medienvielfalt.net\/wp-content\/uploads\/2022\/06\/DSC07217_web-1024x683.jpg 1024w, https:\/\/medienvielfalt.net\/wp-content\/uploads\/2022\/06\/DSC07217_web-768x512.jpg 768w, https:\/\/medienvielfalt.net\/wp-content\/uploads\/2022\/06\/DSC07217_web-930x620.jpg 930w\" sizes=\"auto, (max-width: 1234px) 100vw, 1234px\" \/><\/a><\/figure>\n\n\n\n<figure class=\"wp-block-image size-large\"><a href=\"https:\/\/medienvielfalt.net\/wp-content\/uploads\/2022\/06\/DSC07042_web.jpg\"><img loading=\"lazy\" decoding=\"async\" width=\"1234\" height=\"823\" data-id=\"1423\" src=\"https:\/\/medienvielfalt.net\/wp-content\/uploads\/2022\/06\/DSC07042_web.jpg\" alt=\"\" class=\"wp-image-1423\" srcset=\"https:\/\/medienvielfalt.net\/wp-content\/uploads\/2022\/06\/DSC07042_web.jpg 1234w, https:\/\/medienvielfalt.net\/wp-content\/uploads\/2022\/06\/DSC07042_web-300x200.jpg 300w, https:\/\/medienvielfalt.net\/wp-content\/uploads\/2022\/06\/DSC07042_web-1024x683.jpg 1024w, https:\/\/medienvielfalt.net\/wp-content\/uploads\/2022\/06\/DSC07042_web-768x512.jpg 768w, https:\/\/medienvielfalt.net\/wp-content\/uploads\/2022\/06\/DSC07042_web-930x620.jpg 930w\" sizes=\"auto, (max-width: 1234px) 100vw, 1234px\" \/><\/a><\/figure>\n\n\n\n<figure class=\"wp-block-image size-large\"><a href=\"https:\/\/medienvielfalt.net\/wp-content\/uploads\/2022\/06\/DSC07091_web.jpg\"><img loading=\"lazy\" decoding=\"async\" width=\"1234\" height=\"823\" data-id=\"1417\" src=\"https:\/\/medienvielfalt.net\/wp-content\/uploads\/2022\/06\/DSC07091_web.jpg\" alt=\"\" class=\"wp-image-1417\" srcset=\"https:\/\/medienvielfalt.net\/wp-content\/uploads\/2022\/06\/DSC07091_web.jpg 1234w, https:\/\/medienvielfalt.net\/wp-content\/uploads\/2022\/06\/DSC07091_web-300x200.jpg 300w, https:\/\/medienvielfalt.net\/wp-content\/uploads\/2022\/06\/DSC07091_web-1024x683.jpg 1024w, https:\/\/medienvielfalt.net\/wp-content\/uploads\/2022\/06\/DSC07091_web-768x512.jpg 768w, https:\/\/medienvielfalt.net\/wp-content\/uploads\/2022\/06\/DSC07091_web-930x620.jpg 930w\" sizes=\"auto, (max-width: 1234px) 100vw, 1234px\" \/><\/a><\/figure>\n\n\n\n<figure class=\"wp-block-image size-large\"><a href=\"https:\/\/medienvielfalt.net\/wp-content\/uploads\/2022\/06\/DSC07160_web.jpg\"><img loading=\"lazy\" decoding=\"async\" width=\"1234\" height=\"823\" data-id=\"1418\" src=\"https:\/\/medienvielfalt.net\/wp-content\/uploads\/2022\/06\/DSC07160_web.jpg\" alt=\"\" class=\"wp-image-1418\" srcset=\"https:\/\/medienvielfalt.net\/wp-content\/uploads\/2022\/06\/DSC07160_web.jpg 1234w, https:\/\/medienvielfalt.net\/wp-content\/uploads\/2022\/06\/DSC07160_web-300x200.jpg 300w, https:\/\/medienvielfalt.net\/wp-content\/uploads\/2022\/06\/DSC07160_web-1024x683.jpg 1024w, https:\/\/medienvielfalt.net\/wp-content\/uploads\/2022\/06\/DSC07160_web-768x512.jpg 768w, https:\/\/medienvielfalt.net\/wp-content\/uploads\/2022\/06\/DSC07160_web-930x620.jpg 930w\" sizes=\"auto, (max-width: 1234px) 100vw, 1234px\" \/><\/a><\/figure>\n\n\n\n<figure class=\"wp-block-image size-large\"><a href=\"https:\/\/medienvielfalt.net\/wp-content\/uploads\/2022\/06\/DSC07084_web.jpg\"><img loading=\"lazy\" decoding=\"async\" width=\"1234\" height=\"823\" data-id=\"1427\" src=\"https:\/\/medienvielfalt.net\/wp-content\/uploads\/2022\/06\/DSC07084_web.jpg\" alt=\"\" class=\"wp-image-1427\" srcset=\"https:\/\/medienvielfalt.net\/wp-content\/uploads\/2022\/06\/DSC07084_web.jpg 1234w, https:\/\/medienvielfalt.net\/wp-content\/uploads\/2022\/06\/DSC07084_web-300x200.jpg 300w, https:\/\/medienvielfalt.net\/wp-content\/uploads\/2022\/06\/DSC07084_web-1024x683.jpg 1024w, https:\/\/medienvielfalt.net\/wp-content\/uploads\/2022\/06\/DSC07084_web-768x512.jpg 768w, https:\/\/medienvielfalt.net\/wp-content\/uploads\/2022\/06\/DSC07084_web-930x620.jpg 930w\" sizes=\"auto, (max-width: 1234px) 100vw, 1234px\" \/><\/a><\/figure>\n\n\n\n<figure class=\"wp-block-image size-large\"><a href=\"https:\/\/medienvielfalt.net\/wp-content\/uploads\/2022\/06\/DSC07096_web.jpg\"><img loading=\"lazy\" decoding=\"async\" width=\"1234\" height=\"823\" data-id=\"1420\" src=\"https:\/\/medienvielfalt.net\/wp-content\/uploads\/2022\/06\/DSC07096_web.jpg\" alt=\"\" class=\"wp-image-1420\" srcset=\"https:\/\/medienvielfalt.net\/wp-content\/uploads\/2022\/06\/DSC07096_web.jpg 1234w, https:\/\/medienvielfalt.net\/wp-content\/uploads\/2022\/06\/DSC07096_web-300x200.jpg 300w, https:\/\/medienvielfalt.net\/wp-content\/uploads\/2022\/06\/DSC07096_web-1024x683.jpg 1024w, https:\/\/medienvielfalt.net\/wp-content\/uploads\/2022\/06\/DSC07096_web-768x512.jpg 768w, https:\/\/medienvielfalt.net\/wp-content\/uploads\/2022\/06\/DSC07096_web-930x620.jpg 930w\" sizes=\"auto, (max-width: 1234px) 100vw, 1234px\" \/><\/a><\/figure>\n\n\n\n<figure class=\"wp-block-image size-large\"><a href=\"https:\/\/medienvielfalt.net\/wp-content\/uploads\/2022\/06\/DSC07116_web.jpg\"><img loading=\"lazy\" decoding=\"async\" width=\"1234\" height=\"823\" data-id=\"1442\" src=\"https:\/\/medienvielfalt.net\/wp-content\/uploads\/2022\/06\/DSC07116_web.jpg\" alt=\"\" class=\"wp-image-1442\" srcset=\"https:\/\/medienvielfalt.net\/wp-content\/uploads\/2022\/06\/DSC07116_web.jpg 1234w, https:\/\/medienvielfalt.net\/wp-content\/uploads\/2022\/06\/DSC07116_web-300x200.jpg 300w, https:\/\/medienvielfalt.net\/wp-content\/uploads\/2022\/06\/DSC07116_web-1024x683.jpg 1024w, https:\/\/medienvielfalt.net\/wp-content\/uploads\/2022\/06\/DSC07116_web-768x512.jpg 768w, https:\/\/medienvielfalt.net\/wp-content\/uploads\/2022\/06\/DSC07116_web-930x620.jpg 930w\" sizes=\"auto, (max-width: 1234px) 100vw, 1234px\" \/><\/a><\/figure>\n\n\n\n<figure class=\"wp-block-image size-large\"><a href=\"https:\/\/medienvielfalt.net\/wp-content\/uploads\/2022\/06\/DSC07130_web.jpg\"><img loading=\"lazy\" decoding=\"async\" width=\"1234\" height=\"823\" data-id=\"1443\" src=\"https:\/\/medienvielfalt.net\/wp-content\/uploads\/2022\/06\/DSC07130_web.jpg\" alt=\"\" class=\"wp-image-1443\" srcset=\"https:\/\/medienvielfalt.net\/wp-content\/uploads\/2022\/06\/DSC07130_web.jpg 1234w, https:\/\/medienvielfalt.net\/wp-content\/uploads\/2022\/06\/DSC07130_web-300x200.jpg 300w, https:\/\/medienvielfalt.net\/wp-content\/uploads\/2022\/06\/DSC07130_web-1024x683.jpg 1024w, https:\/\/medienvielfalt.net\/wp-content\/uploads\/2022\/06\/DSC07130_web-768x512.jpg 768w, https:\/\/medienvielfalt.net\/wp-content\/uploads\/2022\/06\/DSC07130_web-930x620.jpg 930w\" sizes=\"auto, (max-width: 1234px) 100vw, 1234px\" \/><\/a><\/figure>\n\n\n\n<figure class=\"wp-block-image size-large\"><a href=\"https:\/\/medienvielfalt.net\/wp-content\/uploads\/2022\/06\/DSC07074_web.jpg\"><img loading=\"lazy\" decoding=\"async\" width=\"1234\" height=\"823\" data-id=\"1441\" src=\"https:\/\/medienvielfalt.net\/wp-content\/uploads\/2022\/06\/DSC07074_web.jpg\" alt=\"\" class=\"wp-image-1441\" srcset=\"https:\/\/medienvielfalt.net\/wp-content\/uploads\/2022\/06\/DSC07074_web.jpg 1234w, https:\/\/medienvielfalt.net\/wp-content\/uploads\/2022\/06\/DSC07074_web-300x200.jpg 300w, https:\/\/medienvielfalt.net\/wp-content\/uploads\/2022\/06\/DSC07074_web-1024x683.jpg 1024w, https:\/\/medienvielfalt.net\/wp-content\/uploads\/2022\/06\/DSC07074_web-768x512.jpg 768w, https:\/\/medienvielfalt.net\/wp-content\/uploads\/2022\/06\/DSC07074_web-930x620.jpg 930w\" sizes=\"auto, (max-width: 1234px) 100vw, 1234px\" \/><\/a><\/figure>\n<\/figure>\n","protected":false},"excerpt":{"rendered":"<p>DEUTSCH \u2193&nbsp;English below \u00dcber die Ausstellung \u201eWir sind Medienmacher:innen mit Flucht-oder Migrationserfahrung. Wir erleben Rassismus und Diskriminierung. \u00dcber uns wird viel gesprochen, aber fast nie mit uns.\u201c Mit dem netzwerk medien.vielfalt! gibt es seit 2020 ein bundesweites Radio-und Medienprojekt, das nicht nur bestehende Leerstellen in der deutschen Medienlandschaft kritisch in den Blick nimmt, sondern diese&hellip;&nbsp;<a href=\"https:\/\/medienvielfalt.net\/index.php\/ausstellung\/ueber-die-ausstellung\/\" rel=\"bookmark\">Weiterlesen &raquo;<span class=\"screen-reader-text\">\u00dcBER \/ ABOUT<\/span><\/a><\/p>\n","protected":false},"author":47,"featured_media":0,"parent":1035,"menu_order":1,"comment_status":"closed","ping_status":"closed","template":"","meta":{"_cbd_carousel_blocks":"[]","neve_meta_sidebar":"full-width","neve_meta_container":"","neve_meta_enable_content_width":"on","neve_meta_content_width":100,"neve_meta_title_alignment":"","neve_meta_author_avatar":"","neve_post_elements_order":"","neve_meta_disable_header":"","neve_meta_disable_footer":"","neve_meta_disable_title":"","_themeisle_gutenberg_block_has_review":false,"footnotes":""},"class_list":["post-1392","page","type-page","status-publish","hentry"],"_links":{"self":[{"href":"https:\/\/medienvielfalt.net\/index.php\/wp-json\/wp\/v2\/pages\/1392","targetHints":{"allow":["GET"]}}],"collection":[{"href":"https:\/\/medienvielfalt.net\/index.php\/wp-json\/wp\/v2\/pages"}],"about":[{"href":"https:\/\/medienvielfalt.net\/index.php\/wp-json\/wp\/v2\/types\/page"}],"author":[{"embeddable":true,"href":"https:\/\/medienvielfalt.net\/index.php\/wp-json\/wp\/v2\/users\/47"}],"replies":[{"embeddable":true,"href":"https:\/\/medienvielfalt.net\/index.php\/wp-json\/wp\/v2\/comments?post=1392"}],"version-history":[{"count":25,"href":"https:\/\/medienvielfalt.net\/index.php\/wp-json\/wp\/v2\/pages\/1392\/revisions"}],"predecessor-version":[{"id":1576,"href":"https:\/\/medienvielfalt.net\/index.php\/wp-json\/wp\/v2\/pages\/1392\/revisions\/1576"}],"up":[{"embeddable":true,"href":"https:\/\/medienvielfalt.net\/index.php\/wp-json\/wp\/v2\/pages\/1035"}],"wp:attachment":[{"href":"https:\/\/medienvielfalt.net\/index.php\/wp-json\/wp\/v2\/media?parent=1392"}],"curies":[{"name":"wp","href":"https:\/\/api.w.org\/{rel}","templated":true}]}}