{"id":180,"date":"2020-10-09T17:30:02","date_gmt":"2020-10-09T15:30:02","guid":{"rendered":"https:\/\/medienvielfalt.net\/?page_id=180"},"modified":"2020-11-07T13:31:16","modified_gmt":"2020-11-07T12:31:16","slug":"ausbildung","status":"publish","type":"page","link":"https:\/\/medienvielfalt.net\/index.php\/ausbildung\/","title":{"rendered":"AUSBILDUNG"},"content":{"rendered":"\n<div class=\"wp-block-columns is-layout-flex wp-container-core-columns-is-layout-9d6595d7 wp-block-columns-is-layout-flex\">\n<div class=\"wp-block-column is-layout-flow wp-block-column-is-layout-flow\">\n<div class=\"wp-block-columns is-layout-flex wp-container-core-columns-is-layout-9d6595d7 wp-block-columns-is-layout-flex\">\n<div class=\"wp-block-column is-layout-flow wp-block-column-is-layout-flow\"><\/div>\n<\/div>\n\n\n\n<div class=\"wp-block-columns is-layout-flex wp-container-core-columns-is-layout-9d6595d7 wp-block-columns-is-layout-flex\">\n<div class=\"wp-block-column is-layout-flow wp-block-column-is-layout-flow\">\n<p>Die gemeinsame Aus- und Fortbildungsarbeit ist eins der wichtigsten Elemente unseres Netzwerks. Durch gemeinsames Lernen und durch eine Verbesserung unserer kritischen Medienkompetenz st\u00e4rken wir uns gegenseitig.<\/p>\n\n\n\n<p>Im netzwerk medien.vielfalt! lernen wir miteinander und voneinander, sei es durch Workshops in den lokalen Redaktionen, durch gemeinsames Lernen auf den Netzwerktreffen oder den Redaktionsbesuchen oder durch systemisches &#8222;learning by doing&#8220;.<\/p>\n<\/div>\n\n\n\n<div class=\"wp-block-column is-layout-flow wp-block-column-is-layout-flow\">\n<figure class=\"wp-block-image size-large\"><img loading=\"lazy\" decoding=\"async\" width=\"1024\" height=\"409\" src=\"https:\/\/medienvielfalt.net\/wp-content\/uploads\/2020\/11\/nmv_wirbildenaus4-1024x409.jpg\" alt=\"\" class=\"wp-image-587\" srcset=\"https:\/\/medienvielfalt.net\/wp-content\/uploads\/2020\/11\/nmv_wirbildenaus4-1024x409.jpg 1024w, https:\/\/medienvielfalt.net\/wp-content\/uploads\/2020\/11\/nmv_wirbildenaus4-300x120.jpg 300w, https:\/\/medienvielfalt.net\/wp-content\/uploads\/2020\/11\/nmv_wirbildenaus4-768x307.jpg 768w, https:\/\/medienvielfalt.net\/wp-content\/uploads\/2020\/11\/nmv_wirbildenaus4.jpg 1051w\" sizes=\"auto, (max-width: 1024px) 100vw, 1024px\" \/><\/figure>\n<\/div>\n<\/div>\n<\/div>\n<\/div>\n\n\n\n<div class=\"wp-block-columns has-background is-layout-flex wp-container-core-columns-is-layout-9d6595d7 wp-block-columns-is-layout-flex\" style=\"background-color:#cae7ff\">\n<div class=\"wp-block-column is-layout-flow wp-block-column-is-layout-flow\">\n<h3><span class=\"pfeil-lila-links\"><span class=\"bg-lila\">Redaktionelle<\/span><\/span> Fortbildungen<\/h3>\n\n\n\n<p>Die Bed\u00fcrfnisse unserer lokalen Redaktionen, was Aus- und Fortbildung angeht, sind sehr verschieden. Deshalb gibt es einen Topf, den wir nutzen k\u00f6nnen, um Workshops auf dieser Ebene zu organisieren. Einige Beispiele, was bisher stattgefunden hat oder welche Workshops aktive Redaktionen angemeldet haben: Grundlagenworkshops zu Interviewtechnik oder Beitragsformen, digitalem Schnitt oder die Bedienung von Sendestudios, grafische Gestaltung f\u00fcr Druck und soziale Medien, inhaltliche Workshops zu Sendethemen und vieles mehr&#8230;<\/p>\n<\/div>\n\n\n\n<div class=\"wp-block-column is-layout-flow wp-block-column-is-layout-flow\">\n<h3>Fortbildungen auf <span class=\"pfeil-rot-links\"><span class=\"bg-rot\">Netzwerktreffen<\/span><\/span><\/h3>\n\n\n\n<p>Viele Workshops sind f\u00fcr (fast) alle im Netzwerk aktiven Journalist*innen interessant. Diese veranstalten wir uns auf den Netzwerktreffen, so dass m\u00f6glichst viele interessierte Menschen daran teilnehmen k\u00f6nnen. Auch hier sind die Themen so vielf\u00e4ltig wie das Netzwerk: Community Outreach, Best-Practice-Austausch, technische Hilfsmittel zur entfernten Kommunikation und Kooperation. Bereits stattgefunden haben Veranstaltungen zu Podcasting, Grundlagen der \u00d6ffentlichkeitsarbeit und Community Management.<\/p>\n<\/div>\n\n\n\n<div class=\"wp-block-column is-layout-flow wp-block-column-is-layout-flow\">\n<h3><span class=\"pfeil-blau-rechts\"><span class=\"bg-blau\">Gemeinsame<\/span><\/span> Lernprozesse<\/h3>\n\n\n\n<p>Das Netzwerk selber ist f\u00fcr alle Beteiligten ein Lernprozess und soll auch daf\u00fcr genutzt werden: In unserer Zusammenarbeit finden wir gemeinsam heraus, wie sie eigentlich am besten funktioniert, diese vielbeschworene &#8222;Zusammenarbeit auf Augenh\u00f6he&#8220;, wenn man sie eben nicht blo\u00df beschw\u00f6ren, sondern auch leben m\u00f6chte. Welche Ma\u00dfnahmen der Aus- und Fortbildung dazu n\u00f6tig werden, darauf sind wir alle gespannt. Auf jeden Fall gibt es auch eine wissenschaftliche Begleitung, die uns dabei helfen wird, auf der Metaebene der Netwerk-Orga dazuzulernen&#8230;<\/p>\n<\/div>\n<\/div>\n\n\n\n<div class=\"wp-block-columns is-layout-flex wp-container-core-columns-is-layout-9d6595d7 wp-block-columns-is-layout-flex\">\n<div class=\"wp-block-column is-layout-flow wp-block-column-is-layout-flow\"><\/div>\n<\/div>\n\n\n\n<div class=\"wp-block-columns is-layout-flex wp-container-core-columns-is-layout-9d6595d7 wp-block-columns-is-layout-flex\">\n<div class=\"wp-block-column is-layout-flow wp-block-column-is-layout-flow\">\n<h3><span class=\"pfeil-lila-rechts\"><span class=\"bg-lila\">Kritische Medienkompetenz<\/span><\/span><br> Was meinen wir damit?<\/h3>\n\n\n\n<p>Zweifellos profitieren Menschen von der Vielfalt neuer Medien. Doch fehlt vielen von uns noch das Knowhow, das Potential wirklich zu nutzen. Es bleibt oft bei einem &#8222;passiv-narzisstischen Konsum&#8220; von Smartphone, Computerspielen und Unterhaltungsangeboten in kommerziellen Medien.<br>Das Digitale verdr\u00e4ngt immer mehr das Soziale. Die Folgen sind eindimensionale Kommunikationsstrukturen, Informations\u00fcberflutung, Gefahr von Manipulationen, ein Mangel an mitf\u00fchlendem Verhalten sowie fehlende Konfliktf\u00e4higkeit. Zudem ist die Aufkl\u00e4rung \u00fcber Sorglosigkeit beim Umgang mit pers\u00f6nlichen Daten nicht ausreichend.<\/p>\n\n\n\n<p>Selbst den heutigen &#8222;Digital Natives&#8220; fehlt eine umfassende Medienm\u00fcndigkeit. Der Begriff der &#8222;Medienkompetenz&#8220; ist seit vielen Jahren in aller Munde. In der Politik und der schulischen Bildung ist damit in erster Linie die Verfolgung von Jugendschutz in Bezug auf Online-Inhalte und die Vermittlung der Bedienung medialer Technologien gemeint.<\/p>\n\n\n\n<p>Als alternatives Medienprojekte ist es uns wichtig, ein kritisches Verst\u00e4ndnis bez\u00fcglich Medienprodukten und ihrer gesellschaftlichen Wirkung herzustellen. Wir wollen Menschen eigene mediale Gestaltungsm\u00f6glichkeiten er\u00f6ffnen. Das meinen wir mit unserem Ansatz der &#8222;kritischen Medienkompetenz&#8220;. Sie ist heutzutage fast ebenso wichtig wie das Rechnen, Lesen und Schreiben. Mit unserer Ausbildungarbeit wollen wir uns und andere darin unterst\u00fctzen, der Medienwelt gestaltend und souver\u00e4n zu begegnen, sowohl in unserer gemeinsamen redaktionellen Arbeit als auch im Privaten.<\/p>\n<\/div>\n\n\n\n<div class=\"wp-block-column is-layout-flow wp-block-column-is-layout-flow\">\n<figure class=\"wp-block-image size-large\"><img loading=\"lazy\" decoding=\"async\" width=\"1024\" height=\"613\" src=\"https:\/\/medienvielfalt.net\/wp-content\/uploads\/2020\/11\/nmv_medienkompetenz-1024x613.jpg\" alt=\"\" class=\"wp-image-580\" srcset=\"https:\/\/medienvielfalt.net\/wp-content\/uploads\/2020\/11\/nmv_medienkompetenz-1024x613.jpg 1024w, https:\/\/medienvielfalt.net\/wp-content\/uploads\/2020\/11\/nmv_medienkompetenz-300x179.jpg 300w, https:\/\/medienvielfalt.net\/wp-content\/uploads\/2020\/11\/nmv_medienkompetenz-768x459.jpg 768w, https:\/\/medienvielfalt.net\/wp-content\/uploads\/2020\/11\/nmv_medienkompetenz.jpg 1170w\" sizes=\"auto, (max-width: 1024px) 100vw, 1024px\" \/><\/figure>\n<\/div>\n<\/div>\n","protected":false},"excerpt":{"rendered":"<p>Die gemeinsame Aus- und Fortbildungsarbeit ist eins der wichtigsten Elemente unseres Netzwerks. Durch gemeinsames Lernen und durch eine Verbesserung unserer kritischen Medienkompetenz st\u00e4rken wir uns gegenseitig. Im netzwerk medien.vielfalt! lernen wir miteinander und voneinander, sei es durch Workshops in den lokalen Redaktionen, durch gemeinsames Lernen auf den Netzwerktreffen oder den Redaktionsbesuchen oder durch systemisches &#8222;learning&hellip;&nbsp;<a href=\"https:\/\/medienvielfalt.net\/index.php\/ausbildung\/\" rel=\"bookmark\">Weiterlesen &raquo;<span class=\"screen-reader-text\">AUSBILDUNG<\/span><\/a><\/p>\n","protected":false},"author":1,"featured_media":0,"parent":0,"menu_order":0,"comment_status":"closed","ping_status":"closed","template":"","meta":{"_cbd_carousel_blocks":"[]","neve_meta_sidebar":"full-width","neve_meta_container":"","neve_meta_enable_content_width":"on","neve_meta_content_width":100,"neve_meta_title_alignment":"","neve_meta_author_avatar":"","neve_post_elements_order":"","neve_meta_disable_header":"","neve_meta_disable_footer":"","neve_meta_disable_title":"","_themeisle_gutenberg_block_has_review":false,"footnotes":""},"class_list":["post-180","page","type-page","status-publish","hentry"],"_links":{"self":[{"href":"https:\/\/medienvielfalt.net\/index.php\/wp-json\/wp\/v2\/pages\/180","targetHints":{"allow":["GET"]}}],"collection":[{"href":"https:\/\/medienvielfalt.net\/index.php\/wp-json\/wp\/v2\/pages"}],"about":[{"href":"https:\/\/medienvielfalt.net\/index.php\/wp-json\/wp\/v2\/types\/page"}],"author":[{"embeddable":true,"href":"https:\/\/medienvielfalt.net\/index.php\/wp-json\/wp\/v2\/users\/1"}],"replies":[{"embeddable":true,"href":"https:\/\/medienvielfalt.net\/index.php\/wp-json\/wp\/v2\/comments?post=180"}],"version-history":[{"count":23,"href":"https:\/\/medienvielfalt.net\/index.php\/wp-json\/wp\/v2\/pages\/180\/revisions"}],"predecessor-version":[{"id":659,"href":"https:\/\/medienvielfalt.net\/index.php\/wp-json\/wp\/v2\/pages\/180\/revisions\/659"}],"wp:attachment":[{"href":"https:\/\/medienvielfalt.net\/index.php\/wp-json\/wp\/v2\/media?parent=180"}],"curies":[{"name":"wp","href":"https:\/\/api.w.org\/{rel}","templated":true}]}}