{"id":826,"date":"2021-03-05T13:32:17","date_gmt":"2021-03-05T12:32:17","guid":{"rendered":"https:\/\/medienvielfalt.net\/?page_id=826"},"modified":"2021-03-27T15:39:05","modified_gmt":"2021-03-27T14:39:05","slug":"statements","status":"publish","type":"page","link":"https:\/\/medienvielfalt.net\/index.php\/ueber-uns\/statements\/","title":{"rendered":"STATEMENTS"},"content":{"rendered":"\n<div class=\"wp-block-columns is-layout-flex wp-container-core-columns-is-layout-9d6595d7 wp-block-columns-is-layout-flex\">\n<div class=\"wp-block-column is-layout-flow wp-block-column-is-layout-flow\" style=\"flex-basis:66.66%\">\n<p><strong>Der Fall der Sch\u00fclerin Katia Kheder und ihrer Familie<\/strong><\/p>\n\n\n\n<p>In der Nacht vom 23. auf den 24. M\u00e4rz 2021 wurde die Sch\u00fclerin Katia Kheder und ihre Familie aus Wolfhagen bei Kassel abgeschoben. Katia wollte bald ihren Realschulabschluss machen und im August ihre Ausbildung als Altenpflegerin beginnen. Der Ausbildungsvertrag war bereits abgeschlossen. Katia lebte seit drei Jahren in Deutschland. [1] Sie und ihre Familie sind vor dem Krieg in Syrien geflohen. Auf ihrer Flucht sind sie \u00fcber Bulgarien nach Europa eingereist. Damit ist laut der Dublin-Verordnung Bulgarien \u201ezust\u00e4ndig&#8220; und dorthin wurden Katia und ihre Familie nun abgeschoben.<\/p>\n\n\n\n<p>Die deutsche Abschiebepraxis und das Dublin-System sind traumatisierend und grausam:<\/p>\n\n\n\n<p>&#8211; Katia und ihre Familie wurden unter Zwang in ein anderes EU-Land verbracht.<\/p>\n\n\n\n<p>&#8211; Katia und ihre Familie wurden mit Gewalt aus ihrem Umfeld gerissen.<\/p>\n\n\n\n<p>&#8211; In Bulgarien, wohin die syrische Familie abgeschoben wurde, kann der Familie Haft drohen. [2]<\/p>\n\n\n\n<p>&#8211; Die Familie erwartet in Bulgarien Perspektivlosigkeit und Unsicherheit.<\/p>\n\n\n\n<p>&#8211; Bulgarien ist sehr stark von COVID-19 betroffen.<\/p>\n\n\n\n<p>&#8211; Die Sch\u00fcler*innen der Walter-L\u00fcbcke-Schule verlieren eine Freundin.<\/p>\n\n\n\n<p>Es ist ein Skandal, dass in Zeiten der Verbreitung des neuartigen Corona-Virus die deutsche Politik weiterhin ununterbrochen abschiebt. Wir unterst\u00fctzen die Sch\u00fcler:innenvertretung der Walter-L\u00fcbcke-Schule in Wolfhagen in ihrem \u00f6ffentlichen Protest. Das rassistische und menschenrechtsverachtende Verhalten der deutschen Beh\u00f6rden muss ein Ende haben! F\u00fcr einen sofortigen Abschiebestopp bundesweit! Katia Kheder und ihrer Familie muss die sofortige R\u00fcckreise nach Deutschland erm\u00f6glicht werden!<\/p>\n\n\n\n<p>[1] <a href=\"https:\/\/walter-luebcke-schule.de\/die-schulgemeinde-protestiert-gegen-die-abschiebung-der-schuelerin-katia-kheder\/\" target=\"_blank\" rel=\"noreferrer noopener\"><u><\/u><\/a><a>https:\/\/walter-luebcke-schule.de\/die-schulgemeinde-protestiert-gegen-die-abschiebung-der-schuelerin-katia-kheder\/<\/a><\/p>\n\n\n\n<p>[2] <a rel=\"noreferrer noopener\" href=\"https:\/\/bordermonitoring.eu\/category\/bulgarien\/\" target=\"_blank\">https:\/\/bordermonitoring.eu\/category\/bulgarien\/<\/a><\/p>\n<\/div>\n\n\n\n<div class=\"wp-block-column is-layout-flow wp-block-column-is-layout-flow\" style=\"flex-basis:33.33%\">\n<h2 class=\"wp-block-heading\">Weltweite Pandemie \u2013 es braucht einen Abschiebestopp!<\/h2>\n<\/div>\n<\/div>\n\n\n\n<div class=\"wp-block-themeisle-blocks-advanced-columns has-2-columns has-desktop-oneTwo-layout has-tablet-equal-layout has-mobile-collapsedRows-layout has-default-gap has-vertical-unset\" id=\"wp-block-themeisle-blocks-advanced-columns-65381357\"><div class=\"wp-block-themeisle-blocks-advanced-columns-overlay\"><\/div><div class=\"innerblocks-wrap\">\n<div class=\"wp-block-themeisle-blocks-advanced-column\" id=\"wp-block-themeisle-blocks-advanced-column-6dc24f25\">\n<h2 class=\"wp-block-heading\">Zum Internationalen Tag gegen Rassismus:<\/h2>\n<\/div>\n\n\n\n<div class=\"wp-block-themeisle-blocks-advanced-column\" id=\"wp-block-themeisle-blocks-advanced-column-5f68b54f\">\n<p><strong>Unsere Medienpraxis zeigt: Es stellt sich nicht die Frage, ob wir uns integrieren m\u00fcssen!<\/strong><\/p>\n\n\n\n<p>Wir staunen nicht schlecht, welche Rufe nach Integration uns begegnen. Benehmt euch hier! Lernt die Sprache! Sprecht verst\u00e4ndlich! Geht arbeiten! Oder aber: Geht nicht arbeiten. Ihr nehmt die Arbeitspl\u00e4tze weg. Ja, wir erleben Rassismus. Im Alltag, auf der Stra\u00dfe, in der Beh\u00f6rde. Das Recht zu bleiben m\u00fcssen wir uns erarbeiten. Ohne Leistung geht es nicht. Das ist die Eintrittskarte. Deutsch lernen. Einen Job haben. Obwohl viele unserer Abschl\u00fcsse in Deutschland nicht anerkannt werden. Obwohl wir lange Zeit in einer Unterkunft leben und auf Briefe vom Amt warten. Obwohl es schwer ist zwischen Jobcenter, Steuersystem und Einwohnermeldeamt den Durchblick zu wahren. Viele Beh\u00f6rdenbriefe sind auch f\u00fcr deutsche Muttersprachler*innen nur schwer verst\u00e4ndlich.<\/p>\n\n\n\n<p>Warum kommt diese Integrationsdebatte immer dann auf, wenn es um migrantisierte Menschen geht? Warum wird angenommen, es g\u00e4be eine un\u00fcberwindbare Kluft zwischen einer vermeintlich &#8222;deutschen&#8220; Kultur und einer anderen? W\u00e4hrend die deutsch-franz\u00f6sische Freundschaft beschworen wird?<\/p>\n\n\n\n<p>Wir als Medienmacher*innen im netzwerk medien.vielfalt! arbeiten in 12 St\u00e4dten vor Ort. Wir arbeiten in vielen verschiedenen Berufen. Wir studieren Medienwissenschaften oder waren als Journalistin in anderen L\u00e4ndern t\u00e4tig. Uns pr\u00e4gen Bildungsabschl\u00fcsse, politische Orientierung oder unsere Stellung in der Gesellschaft. Als vielf\u00e4ltige Menschen mit unterschiedlichen Erfahrungen kommen wir zusammen und machen Radio, produzieren Videos oder Printmedien. Es stellt sich nicht die Frage, ob wir uns integrieren m\u00fcssen!<\/p>\n\n\n\n<p>Die Debatte um Integration verhindert die M\u00f6glichkeit zu w\u00e4hlen wie sich migrantisierte Menschen ausdr\u00fccken wollen. Sie verhindert eine demokratische Auseinandersetzung \u00fcber Rassismus mit den Betroffenen selbst. Sie schlie\u00dft die Menschen aus, anstatt sie einzuschlie\u00dfen. Die Debatte um Integration verhindert ein inklusives Denken, alle mitzunehmen. Egal welchen Hintergrund jemand hat.<\/p>\n\n\n\n<p>Diese Debatte muss ein Ende haben. Lasst uns den Raum! Zum Atmen. F\u00fcr neue Ideen. F\u00fcr eine gerechte Gesellschaft ohne Rassismus!<\/p>\n<\/div>\n<\/div><\/div>\n\n\n\n<p><\/p>\n","protected":false},"excerpt":{"rendered":"<p>Der Fall der Sch\u00fclerin Katia Kheder und ihrer Familie In der Nacht vom 23. auf den 24. M\u00e4rz 2021 wurde die Sch\u00fclerin Katia Kheder und ihre Familie aus Wolfhagen bei Kassel abgeschoben. Katia wollte bald ihren Realschulabschluss machen und im August ihre Ausbildung als Altenpflegerin beginnen. Der Ausbildungsvertrag war bereits abgeschlossen. Katia lebte seit drei&hellip;&nbsp;<a href=\"https:\/\/medienvielfalt.net\/index.php\/ueber-uns\/statements\/\" rel=\"bookmark\">Weiterlesen &raquo;<span class=\"screen-reader-text\">STATEMENTS<\/span><\/a><\/p>\n","protected":false},"author":6,"featured_media":0,"parent":130,"menu_order":0,"comment_status":"closed","ping_status":"closed","template":"","meta":{"_cbd_carousel_blocks":"[]","neve_meta_sidebar":"full-width","neve_meta_container":"","neve_meta_enable_content_width":"on","neve_meta_content_width":100,"neve_meta_title_alignment":"","neve_meta_author_avatar":"","neve_post_elements_order":"","neve_meta_disable_header":"","neve_meta_disable_footer":"","neve_meta_disable_title":"","_themeisle_gutenberg_block_has_review":false,"footnotes":""},"class_list":["post-826","page","type-page","status-publish","hentry"],"_links":{"self":[{"href":"https:\/\/medienvielfalt.net\/index.php\/wp-json\/wp\/v2\/pages\/826","targetHints":{"allow":["GET"]}}],"collection":[{"href":"https:\/\/medienvielfalt.net\/index.php\/wp-json\/wp\/v2\/pages"}],"about":[{"href":"https:\/\/medienvielfalt.net\/index.php\/wp-json\/wp\/v2\/types\/page"}],"author":[{"embeddable":true,"href":"https:\/\/medienvielfalt.net\/index.php\/wp-json\/wp\/v2\/users\/6"}],"replies":[{"embeddable":true,"href":"https:\/\/medienvielfalt.net\/index.php\/wp-json\/wp\/v2\/comments?post=826"}],"version-history":[{"count":4,"href":"https:\/\/medienvielfalt.net\/index.php\/wp-json\/wp\/v2\/pages\/826\/revisions"}],"predecessor-version":[{"id":849,"href":"https:\/\/medienvielfalt.net\/index.php\/wp-json\/wp\/v2\/pages\/826\/revisions\/849"}],"up":[{"embeddable":true,"href":"https:\/\/medienvielfalt.net\/index.php\/wp-json\/wp\/v2\/pages\/130"}],"wp:attachment":[{"href":"https:\/\/medienvielfalt.net\/index.php\/wp-json\/wp\/v2\/media?parent=826"}],"curies":[{"name":"wp","href":"https:\/\/api.w.org\/{rel}","templated":true}]}}